{"id":389,"date":"2021-05-12T12:30:43","date_gmt":"2021-05-12T10:30:43","guid":{"rendered":"https:\/\/arvayeducational.eu\/new\/?page_id=389"},"modified":"2026-03-09T23:07:11","modified_gmt":"2026-03-09T21:07:11","slug":"alte-cursuri","status":"publish","type":"page","link":"https:\/\/arvayeducational.eu\/new\/servicii\/alte-cursuri\/","title":{"rendered":"Alte cursuri"},"content":{"rendered":"\t\t<div data-elementor-type=\"wp-page\" data-elementor-id=\"389\" class=\"elementor elementor-389\" data-elementor-settings=\"{&quot;ha_cmc_init_switcher&quot;:&quot;no&quot;}\">\n\t\t\t\t\t\t<section class=\"elementor-section elementor-top-section elementor-element elementor-element-5b36b97 elementor-section-boxed elementor-section-height-default elementor-section-height-default exad-glass-effect-no exad-sticky-section-no\" data-id=\"5b36b97\" data-element_type=\"section\" data-e-type=\"section\" data-settings=\"{&quot;_ha_eqh_enable&quot;:false}\">\n\t\t\t\t\t\t<div class=\"elementor-container elementor-column-gap-default\">\n\t\t\t\t\t<div class=\"elementor-column elementor-col-100 elementor-top-column elementor-element elementor-element-6892c5c exad-glass-effect-no exad-sticky-section-no\" data-id=\"6892c5c\" data-element_type=\"column\" data-e-type=\"column\">\n\t\t\t<div class=\"elementor-widget-wrap elementor-element-populated\">\n\t\t\t\t\t\t<div class=\"elementor-element elementor-element-4fc1f4f exad-sticky-section-no exad-glass-effect-no elementor-widget elementor-widget-image\" data-id=\"4fc1f4f\" data-element_type=\"widget\" data-e-type=\"widget\" data-widget_type=\"image.default\">\n\t\t\t\t<div class=\"elementor-widget-container\">\n\t\t\t\t\t\t\t\t\t\t\t\t\t\t\t<img fetchpriority=\"high\" decoding=\"async\" width=\"1280\" height=\"253\" src=\"https:\/\/arvayeducational.eu\/new\/wp-content\/uploads\/2021\/04\/banner4.jpg\" class=\"attachment-1536x1536 size-1536x1536 wp-image-243\" alt=\"\" srcset=\"https:\/\/arvayeducational.eu\/new\/wp-content\/uploads\/2021\/04\/banner4.jpg 1280w, https:\/\/arvayeducational.eu\/new\/wp-content\/uploads\/2021\/04\/banner4-300x59.jpg 300w, https:\/\/arvayeducational.eu\/new\/wp-content\/uploads\/2021\/04\/banner4-1024x202.jpg 1024w, https:\/\/arvayeducational.eu\/new\/wp-content\/uploads\/2021\/04\/banner4-768x152.jpg 768w\" sizes=\"(max-width: 1280px) 100vw, 1280px\" \/>\t\t\t\t\t\t\t\t\t\t\t\t\t\t\t<\/div>\n\t\t\t\t<\/div>\n\t\t\t\t\t<\/div>\n\t\t<\/div>\n\t\t\t\t\t<\/div>\n\t\t<\/section>\n\t\t\t\t<section class=\"elementor-section elementor-top-section elementor-element elementor-element-6a43a62 elementor-section-boxed elementor-section-height-default elementor-section-height-default exad-glass-effect-no exad-sticky-section-no\" data-id=\"6a43a62\" data-element_type=\"section\" data-e-type=\"section\" data-settings=\"{&quot;_ha_eqh_enable&quot;:false}\">\n\t\t\t\t\t\t<div class=\"elementor-container elementor-column-gap-default\">\n\t\t\t\t\t<div class=\"elementor-column elementor-col-100 elementor-top-column elementor-element elementor-element-41f6e44 exad-glass-effect-no exad-sticky-section-no\" data-id=\"41f6e44\" data-element_type=\"column\" data-e-type=\"column\">\n\t\t\t<div class=\"elementor-widget-wrap elementor-element-populated\">\n\t\t\t\t\t\t<div class=\"elementor-element elementor-element-2373901 pp-icon-list-traditional elementor-list-item-link-inline pp-icon-left exad-sticky-section-no exad-glass-effect-no elementor-widget elementor-widget-pp-icon-list\" data-id=\"2373901\" data-element_type=\"widget\" data-e-type=\"widget\" data-widget_type=\"pp-icon-list.default\">\n\t\t\t\t<div class=\"elementor-widget-container\">\n\t\t\t\t\t\t\t<div class=\"pp-list-container\">\n\t\t\t<ul class=\"pp-list-items\">\n\t\t\t\t\t\t\t\t\t\t\t\t\t\t\t\t\t\t\t\t\t<li class=\"pp-icon-list-item elementor-repeater-item-1cfa44f\">\n\t\t\t\t\t\t\t\t\t\t<span class=\"pp-icon-wrapper\">\n\t\t\t\t\t\t\t\t\t\t<span class=\"pp-icon-list-icon pp-icon \">\n\t\t\t\t\t\t<i aria-hidden=\"true\" class=\"fas fa-chalkboard-teacher\"><\/i><\/span>\t\t\t<\/span>\n\t\t\t\t\t\t\t\t\t\t<span class=\"pp-icon-list-text\">\n\t\t\t\t\t\t\t\tCursuri \u201etraining the trainers\u201d\t\t\t\t\t\t\t<\/span>\n\t\t\t\t\t\t\t\t\t\t\t\t\t<\/li>\n\t\t\t\t\t\t\t\t\t\t\t\t\t\t\t\t\t\t\t\t\t\t\t\t\t\t\t<li class=\"pp-icon-list-item elementor-repeater-item-1ff68e4\">\n\t\t\t\t\t\t\t\t\t\t<span class=\"pp-icon-wrapper\">\n\t\t\t\t\t\t\t\t\t\t<span class=\"pp-icon-list-icon pp-icon \">\n\t\t\t\t\t\t<i aria-hidden=\"true\" class=\"fas fa-users-cog\"><\/i><\/span>\t\t\t<\/span>\n\t\t\t\t\t\t\t\t\t\t<span class=\"pp-icon-list-text\">\n\t\t\t\t\t\t\t\tConsiliere psihologic\u0103 pentru copii, tineri, adul\u021bi\t\t\t\t\t\t\t<\/span>\n\t\t\t\t\t\t\t\t\t\t\t\t\t<\/li>\n\t\t\t\t\t\t\t\t\t\t\t\t\t\t\t\t\t\t\t\t\t\t\t\t\t\t\t<li class=\"pp-icon-list-item elementor-repeater-item-8c5ed11\">\n\t\t\t\t\t\t\t\t\t\t<span class=\"pp-icon-wrapper\">\n\t\t\t\t\t\t\t\t\t\t<span class=\"pp-icon-list-icon pp-icon \">\n\t\t\t\t\t\t<i aria-hidden=\"true\" class=\"fas fa-check-double\"><\/i><\/span>\t\t\t<\/span>\n\t\t\t\t\t\t\t\t\t\t<span class=\"pp-icon-list-text\">\n\t\t\t\t\t\t\t\tAsisten\u021b\u0103 psihopedagogic\u0103 (metodologic\u0103) pentru p\u0103rin\u021bi\t\t\t\t\t\t\t<\/span>\n\t\t\t\t\t\t\t\t\t\t\t\t\t<\/li>\n\t\t\t\t\t\t\t\t\t\t\t\t\t<\/ul>\n\t\t<\/div>\n\t\t\t\t\t\t<\/div>\n\t\t\t\t<\/div>\n\t\t\t\t\t<\/div>\n\t\t<\/div>\n\t\t\t\t\t<\/div>\n\t\t<\/section>\n\t\t\t\t<\/div>\n\t\t","protected":false},"excerpt":{"rendered":"<p>Cursuri \u201etraining the trainers\u201d Consiliere psihologic\u0103 pentru copii, tineri, adul\u021bi Asisten\u021b\u0103 psihopedagogic\u0103 (metodologic\u0103) pentru p\u0103rin\u021bi<\/p>\n","protected":false},"author":1,"featured_media":0,"parent":39,"menu_order":0,"comment_status":"closed","ping_status":"closed","template":"","meta":{"_acf_changed":false,"ngg_post_thumbnail":0,"footnotes":""},"class_list":["post-389","page","type-page","status-publish","hentry"],"acf":[],"_links":{"self":[{"href":"https:\/\/arvayeducational.eu\/new\/wp-json\/wp\/v2\/pages\/389","targetHints":{"allow":["GET"]}}],"collection":[{"href":"https:\/\/arvayeducational.eu\/new\/wp-json\/wp\/v2\/pages"}],"about":[{"href":"https:\/\/arvayeducational.eu\/new\/wp-json\/wp\/v2\/types\/page"}],"author":[{"embeddable":true,"href":"https:\/\/arvayeducational.eu\/new\/wp-json\/wp\/v2\/users\/1"}],"replies":[{"embeddable":true,"href":"https:\/\/arvayeducational.eu\/new\/wp-json\/wp\/v2\/comments?post=389"}],"version-history":[{"count":7,"href":"https:\/\/arvayeducational.eu\/new\/wp-json\/wp\/v2\/pages\/389\/revisions"}],"predecessor-version":[{"id":25597,"href":"https:\/\/arvayeducational.eu\/new\/wp-json\/wp\/v2\/pages\/389\/revisions\/25597"}],"up":[{"embeddable":true,"href":"https:\/\/arvayeducational.eu\/new\/wp-json\/wp\/v2\/pages\/39"}],"wp:attachment":[{"href":"https:\/\/arvayeducational.eu\/new\/wp-json\/wp\/v2\/media?parent=389"}],"curies":[{"name":"wp","href":"https:\/\/api.w.org\/{rel}","templated":true}]}}