{"id":522,"date":"2021-06-25T13:45:18","date_gmt":"2021-06-25T11:45:18","guid":{"rendered":"https:\/\/arvayeducational.eu\/new\/?page_id=522"},"modified":"2021-06-30T13:36:47","modified_gmt":"2021-06-30T11:36:47","slug":"inscriere-formular-in-limba-romana","status":"publish","type":"page","link":"https:\/\/arvayeducational.eu\/new\/solicitare-inscriere\/inscriere-formular-in-limba-romana\/","title":{"rendered":"\u00censcriere (formular \u00een limba rom\u00e2n\u0103)"},"content":{"rendered":"<p>\u00cenainte de completarea formularului de \u00eenscriere, ave\u021bi posibilitatea test\u0103rii gratuite online cu ajutorul unui <a href=\"https:\/\/arvayeducational.eu\/new\/quiz\/english-test\/\" target=\"_blank\" rel=\"noopener\"><strong>test<\/strong><\/a> cu 30 de \u00eentreb\u0103ri.<\/p>\n<div class=\"wpforms-container wpforms-container-full\" id=\"wpforms-495\"><form id=\"wpforms-form-495\" class=\"wpforms-validate wpforms-form\" data-formid=\"495\" method=\"post\" enctype=\"multipart\/form-data\" action=\"\/new\/wp-json\/wp\/v2\/pages\/522\" data-token=\"42a3941683a8473c48bd9a7439c7fd7c\" data-token-time=\"1777813093\"><noscript class=\"wpforms-error-noscript\">Please enable JavaScript in your browser to complete this form.<\/noscript><div class=\"wpforms-field-container\"><div id=\"wpforms-495-field_1-container\" class=\"wpforms-field wpforms-field-name\" data-field-id=\"1\"><label class=\"wpforms-field-label\" for=\"wpforms-495-field_1\">Nume \u0219i prenume <span class=\"wpforms-required-label\">*<\/span><\/label><input type=\"text\" id=\"wpforms-495-field_1\" class=\"wpforms-field-medium wpforms-field-required\" name=\"wpforms[fields][1]\" required><\/div><div id=\"wpforms-495-field_2-container\" class=\"wpforms-field wpforms-field-email\" data-field-id=\"2\"><label class=\"wpforms-field-label\" for=\"wpforms-495-field_2\">Email <span class=\"wpforms-required-label\">*<\/span><\/label><input type=\"email\" id=\"wpforms-495-field_2\" class=\"wpforms-field-medium wpforms-field-required\" name=\"wpforms[fields][2]\" spellcheck=\"false\" required><\/div><div id=\"wpforms-495-field_3-container\" class=\"wpforms-field wpforms-field-number\" data-field-id=\"3\"><label class=\"wpforms-field-label\" for=\"wpforms-495-field_3\">Telefon (op\u021bional)<\/label><input type=\"number\" id=\"wpforms-495-field_3\" class=\"wpforms-field-medium\" name=\"wpforms[fields][3]\" step=\"any\" ><\/div><div id=\"wpforms-495-field_19-container\" class=\"wpforms-field wpforms-field-text\" data-field-id=\"19\"><label class=\"wpforms-field-label\" for=\"wpforms-495-field_19\">Compania (op\u021bional)<\/label><input type=\"text\" id=\"wpforms-495-field_19\" class=\"wpforms-field-medium\" name=\"wpforms[fields][19]\" ><\/div><div id=\"wpforms-495-field_20-container\" class=\"wpforms-field wpforms-field-text\" data-field-id=\"20\"><label class=\"wpforms-field-label\" for=\"wpforms-495-field_20\">Pozi\u021bia (op\u021bional)<\/label><input type=\"text\" id=\"wpforms-495-field_20\" class=\"wpforms-field-medium\" name=\"wpforms[fields][20]\" ><\/div><div id=\"wpforms-495-field_21-container\" class=\"wpforms-field wpforms-field-number\" data-field-id=\"21\"><label class=\"wpforms-field-label\" for=\"wpforms-495-field_21\">V\u00e2rsta<\/label><input type=\"number\" id=\"wpforms-495-field_21\" class=\"wpforms-field-medium\" name=\"wpforms[fields][21]\" step=\"any\" ><\/div><div id=\"wpforms-495-field_34-container\" class=\"wpforms-field wpforms-field-number\" data-field-id=\"34\"><label class=\"wpforms-field-label\" for=\"wpforms-495-field_34\">Rezultat testare online<\/label><input type=\"number\" id=\"wpforms-495-field_34\" class=\"wpforms-field-medium\" name=\"wpforms[fields][34]\" step=\"any\" ><\/div><div id=\"wpforms-495-field_4-container\" class=\"wpforms-field wpforms-field-select wpforms-field-select-style-classic\" data-field-id=\"4\"><label class=\"wpforms-field-label\" for=\"wpforms-495-field_4\">Limba str\u0103in\u0103 dorit\u0103 pentru studiu <span class=\"wpforms-required-label\">*<\/span><\/label><select id=\"wpforms-495-field_4\" class=\"wpforms-field-medium wpforms-field-required\" name=\"wpforms[fields][4]\" required=\"required\"><option value=\"Englez\u0103\"  class=\"choice-1 depth-1\"  >Englez\u0103<\/option><option value=\"Maghiar\u0103\"  class=\"choice-2 depth-1\"  >Maghiar\u0103<\/option><option value=\"Rom\u00e2n\u0103\"  class=\"choice-3 depth-1\"  >Rom\u00e2n\u0103<\/option><\/select><\/div><div id=\"wpforms-495-field_5-container\" class=\"wpforms-field wpforms-field-select wpforms-field-select-style-classic\" data-field-id=\"5\"><label class=\"wpforms-field-label\" for=\"wpforms-495-field_5\">Formula \u00een care dori\u021bi s\u0103 urma\u021bi cursul<\/label><select id=\"wpforms-495-field_5\" class=\"wpforms-field-medium\" name=\"wpforms[fields][5]\"><option value=\"\u00cen grup\"  class=\"choice-1 depth-1\"  >\u00cen grup<\/option><option value=\"Individual\"  class=\"choice-2 depth-1\"  >Individual<\/option><\/select><\/div><div id=\"wpforms-495-field_6-container\" class=\"wpforms-field wpforms-field-select wpforms-field-select-style-classic\" data-field-id=\"6\"><label class=\"wpforms-field-label\" for=\"wpforms-495-field_6\">Pentru ce profesor opta\u021bi?<\/label><select id=\"wpforms-495-field_6\" class=\"wpforms-field-medium\" name=\"wpforms[fields][6]\"><option value=\"Junior teacher\"  class=\"choice-1 depth-1\"  >Junior teacher<\/option><option value=\"Senior teacher\"  class=\"choice-2 depth-1\"  >Senior teacher<\/option><\/select><\/div><div id=\"wpforms-495-field_7-container\" class=\"wpforms-field wpforms-field-select wpforms-field-select-style-classic\" data-field-id=\"7\"><label class=\"wpforms-field-label\" for=\"wpforms-495-field_7\">Tematica: ce limbaj dori\u021bi s\u0103 \u00eenv\u0103\u021ba\u021bi?<\/label><select id=\"wpforms-495-field_7\" class=\"wpforms-field-medium\" name=\"wpforms[fields][7]\"><option value=\"Limbaj general\"  class=\"choice-1 depth-1\"  >Limbaj general<\/option><option value=\"Limbaj de afaceri\"  class=\"choice-2 depth-1\"  >Limbaj de afaceri<\/option><option value=\"Limbaj general \u0219i de afaceri\"  class=\"choice-3 depth-1\"  >Limbaj general \u0219i de afaceri<\/option><option value=\"Limbaj academic\"  class=\"choice-4 depth-1\"  >Limbaj academic<\/option><\/select><\/div><div id=\"wpforms-495-field_35-container\" class=\"wpforms-field wpforms-field-select wpforms-field-select-style-classic\" data-field-id=\"35\"><label class=\"wpforms-field-label\" for=\"wpforms-495-field_35\">Ce teme dori\u021bi sa aprofunda\u021bi?<\/label><select id=\"wpforms-495-field_35\" class=\"wpforms-field-medium\" name=\"wpforms[fields][35]\"><option value=\"Gramatic\u0103\"  class=\"choice-1 depth-1\"  >Gramatic\u0103<\/option><option value=\"Vocabular\"  class=\"choice-2 depth-1\"  >Vocabular<\/option><option value=\"Conversa\u021bie\"  class=\"choice-3 depth-1\"  >Conversa\u021bie<\/option><option value=\"Scris (compunere, email, etc.)\"  class=\"choice-4 depth-1\"  >Scris (compunere, email, etc.)<\/option><\/select><\/div><div id=\"wpforms-495-field_37-container\" class=\"wpforms-field wpforms-field-select wpforms-field-select-style-classic\" data-field-id=\"37\"><label class=\"wpforms-field-label\" for=\"wpforms-495-field_37\">Care este scopul pentru care dori\u021bi s\u0103 \u00eenv\u0103\u021ba\u021bi aceast\u0103 limb\u0103?<\/label><select id=\"wpforms-495-field_37\" class=\"wpforms-field-medium\" name=\"wpforms[fields][37]\"><option value=\"Examen\"  class=\"choice-1 depth-1\"  >Examen<\/option><option value=\"Interviu\"  class=\"choice-2 depth-1\"  >Interviu<\/option><option value=\"Prezentare\"  class=\"choice-3 depth-1\"  >Prezentare<\/option><option value=\"Negociere\"  class=\"choice-7 depth-1\"  >Negociere<\/option><option value=\"Coresponden\u021b\u0103 cu str\u0103ini\"  class=\"choice-6 depth-1\"  >Coresponden\u021b\u0103 cu str\u0103ini<\/option><option value=\"C\u0103l\u0103torii \u00een str\u0103in\u0103tate\"  class=\"choice-5 depth-1\"  >C\u0103l\u0103torii \u00een str\u0103in\u0103tate<\/option><option value=\"Redactare\/Corectur\u0103 asistat\u0103\"  class=\"choice-4 depth-1\"  >Redactare\/Corectur\u0103 asistat\u0103<\/option><\/select><\/div><div id=\"wpforms-495-field_10-container\" class=\"wpforms-field wpforms-field-select wpforms-field-select-style-classic\" data-field-id=\"10\"><label class=\"wpforms-field-label\" for=\"wpforms-495-field_10\">Locul desf\u0103\u0219ur\u0103rii cursului<\/label><select id=\"wpforms-495-field_10\" class=\"wpforms-field-medium\" name=\"wpforms[fields][10]\"><option value=\"Online Skype\"  class=\"choice-1 depth-1\"  >Online Skype<\/option><option value=\"Online Zoom\"  class=\"choice-2 depth-1\"  >Online Zoom<\/option><option value=\"la sediul \u0219colii AEC (str. Filde\u0219ului)\"  class=\"choice-3 depth-1\"  >la sediul \u0219colii AEC (str. Filde\u0219ului)<\/option><option value=\"alt\u0103 adres\u0103\"  class=\"choice-4 depth-1\"  >alt\u0103 adres\u0103<\/option><\/select><\/div><div id=\"wpforms-495-field_38-container\" class=\"wpforms-field wpforms-field-select wpforms-field-select-style-classic\" data-field-id=\"38\"><label class=\"wpforms-field-label\" for=\"wpforms-495-field_38\">Durata \u0219edin\u021bei<\/label><select id=\"wpforms-495-field_38\" class=\"wpforms-field-medium\" name=\"wpforms[fields][38]\"><option value=\"60 minute (1 or\u0103)\"  class=\"choice-1 depth-1\"  >60 minute (1 or\u0103)<\/option><option value=\"90 minute (1 or\u0103 \u0219i jum\u0103tate)\"  class=\"choice-2 depth-1\"  >90 minute (1 or\u0103 \u0219i jum\u0103tate)<\/option><option value=\"120 minute (2 ore)\"  class=\"choice-3 depth-1\"  >120 minute (2 ore)<\/option><\/select><\/div><div id=\"wpforms-495-field_26-container\" class=\"wpforms-field wpforms-field-textarea\" data-field-id=\"26\"><label class=\"wpforms-field-label\" for=\"wpforms-495-field_26\">Zilele preferate \u0219i orele pentru \u00eencepere curs<\/label><textarea id=\"wpforms-495-field_26\" class=\"wpforms-field-medium\" name=\"wpforms[fields][26]\" ><\/textarea><\/div><div id=\"wpforms-495-field_27-container\" class=\"wpforms-field wpforms-field-select wpforms-field-select-style-classic\" data-field-id=\"27\"><label class=\"wpforms-field-label\" for=\"wpforms-495-field_27\">Intensitatea cursurilor<\/label><select id=\"wpforms-495-field_27\" class=\"wpforms-field-medium\" name=\"wpforms[fields][27]\"><option value=\"1x\/s\u0103pt\u0103m\u00e2n\u0103\"  class=\"choice-1 depth-1\"  >1x\/s\u0103pt\u0103m\u00e2n\u0103<\/option><option value=\"2x\/s\u0103pt\u0103m\u00e2n\u0103\"  class=\"choice-2 depth-1\"  >2x\/s\u0103pt\u0103m\u00e2n\u0103<\/option><option value=\"3x\/s\u0103pt\u0103m\u00e2n\u0103\"  class=\"choice-3 depth-1\"  >3x\/s\u0103pt\u0103m\u00e2n\u0103<\/option><option value=\"1x\/lun\u0103\"  class=\"choice-4 depth-1\"  >1x\/lun\u0103<\/option><option value=\"2x\/lun\u0103\"  class=\"choice-5 depth-1\"  >2x\/lun\u0103<\/option><\/select><\/div><div id=\"wpforms-495-field_8-container\" class=\"wpforms-field wpforms-field-select wpforms-field-select-style-classic\" data-field-id=\"8\"><label class=\"wpforms-field-label\" for=\"wpforms-495-field_8\">Ave\u021bi materiale din care dori\u021bi \u00een mod exclusiv s\u0103 \u00eenv\u0103ta\u021bi (dac\u0103 da, v\u0103 rug\u0103m s\u0103 le men\u021biona\u021bi la &quot;informa\u021bii suplimentare&quot;)?<\/label><select id=\"wpforms-495-field_8\" class=\"wpforms-field-medium\" name=\"wpforms[fields][8]\"><option value=\"Da\"  class=\"choice-1 depth-1\"  >Da<\/option><option value=\"Nu\"  class=\"choice-2 depth-1\"  >Nu<\/option><\/select><\/div><div id=\"wpforms-495-field_9-container\" class=\"wpforms-field wpforms-field-select wpforms-field-select-style-classic\" data-field-id=\"9\"><label class=\"wpforms-field-label\" for=\"wpforms-495-field_9\">Intensitate<\/label><select id=\"wpforms-495-field_9\" class=\"wpforms-field-medium\" name=\"wpforms[fields][9]\"><option value=\"O dat\u0103 pe s\u0103pt\u0103m\u00e2n\u0103\"  class=\"choice-1 depth-1\"  >O dat\u0103 pe s\u0103pt\u0103m\u00e2n\u0103<\/option><option value=\"De dou\u0103 ori pe s\u0103pt\u0103m\u00e2n\u0103\"  class=\"choice-2 depth-1\"  >De dou\u0103 ori pe s\u0103pt\u0103m\u00e2n\u0103<\/option><\/select><\/div><div id=\"wpforms-495-field_28-container\" class=\"wpforms-field wpforms-field-select wpforms-field-select-style-classic\" data-field-id=\"28\"><label class=\"wpforms-field-label\" for=\"wpforms-495-field_28\">C\u00e2te \u0219edin\u021be dori\u021bi?<\/label><select id=\"wpforms-495-field_28\" class=\"wpforms-field-medium\" name=\"wpforms[fields][28]\"><option value=\"10 \u0219edin\u021be = perioad\u0103 de prob\u0103\"  class=\"choice-1 depth-1\"  >10 \u0219edin\u021be = perioad\u0103 de prob\u0103<\/option><option value=\"20 \u0219edin\u021be = jum\u0103tate modul \"  class=\"choice-2 depth-1\"  >20 \u0219edin\u021be = jum\u0103tate modul<\/option><option value=\"40 \u0219edin\u021be = modul intreg\"  class=\"choice-3 depth-1\"  >40 \u0219edin\u021be = modul intreg<\/option><\/select><\/div><div id=\"wpforms-495-field_29-container\" class=\"wpforms-field wpforms-field-select wpforms-field-select-style-classic\" data-field-id=\"29\"><label class=\"wpforms-field-label\" for=\"wpforms-495-field_29\">Alegerea manualelor<\/label><select id=\"wpforms-495-field_29\" class=\"wpforms-field-medium\" name=\"wpforms[fields][29]\"><option value=\"Manual \u0219i culegere exerci\u021bii \u00een original\"  class=\"choice-1 depth-1\"  >Manual \u0219i culegere exerci\u021bii \u00een original<\/option><option value=\"Manual fotocopiat\"  class=\"choice-2 depth-1\"  >Manual fotocopiat<\/option><option value=\"Manual \u00een format electronic\"  class=\"choice-3 depth-1\"  >Manual \u00een format electronic<\/option><\/select><\/div><div id=\"wpforms-495-field_30-container\" class=\"wpforms-field wpforms-field-select wpforms-field-select-style-classic\" data-field-id=\"30\"><label class=\"wpforms-field-label\" for=\"wpforms-495-field_30\">Plata cursurilor<\/label><select id=\"wpforms-495-field_30\" class=\"wpforms-field-medium\" name=\"wpforms[fields][30]\"><option value=\"Pe loc la fiecare \u0219edin\u021b\u0103\"  class=\"choice-1 depth-1\"  >Pe loc la fiecare \u0219edin\u021b\u0103<\/option><option value=\"La sf\u00e2r\u0219itul lunii\"  class=\"choice-2 depth-1\"  >La sf\u00e2r\u0219itul lunii<\/option><option value=\"\u00cen avans, la \u00eenceputul lunii\"  class=\"choice-3 depth-1\"  >\u00cen avans, la \u00eenceputul lunii<\/option><\/select><\/div><div id=\"wpforms-495-field_31-container\" class=\"wpforms-field wpforms-field-select wpforms-field-select-style-classic\" data-field-id=\"31\"><label class=\"wpforms-field-label\" for=\"wpforms-495-field_31\">Tipul de plat\u0103<\/label><select id=\"wpforms-495-field_31\" class=\"wpforms-field-medium\" name=\"wpforms[fields][31]\"><option value=\"Transfer bancar\"  class=\"choice-1 depth-1\"  >Transfer bancar<\/option><option value=\"Numerar\"  class=\"choice-2 depth-1\"  >Numerar<\/option><\/select><\/div><div id=\"wpforms-495-field_39-container\" class=\"wpforms-field wpforms-field-select wpforms-field-select-style-classic\" data-field-id=\"39\"><label class=\"wpforms-field-label\" for=\"wpforms-495-field_39\">Felul contractului<\/label><select id=\"wpforms-495-field_39\" class=\"wpforms-field-medium\" name=\"wpforms[fields][39]\"><option value=\"Persoan\u0103 fizic\u0103\"  class=\"choice-1 depth-1\"  >Persoan\u0103 fizic\u0103<\/option><option value=\"Persoan\u0103 juridic\u0103\"  class=\"choice-2 depth-1\"  >Persoan\u0103 juridic\u0103<\/option><\/select><\/div><div id=\"wpforms-495-field_33-container\" class=\"wpforms-field wpforms-field-textarea\" data-field-id=\"33\"><label class=\"wpforms-field-label\" for=\"wpforms-495-field_33\">Datele pentru decontare (Numele firmei, sediul:, nr. reg. com, CUI, cod IBAN, banca)<\/label><textarea id=\"wpforms-495-field_33\" class=\"wpforms-field-medium\" name=\"wpforms[fields][33]\" ><\/textarea><\/div><div id=\"wpforms-495-field_11-container\" class=\"wpforms-field wpforms-field-textarea\" data-field-id=\"11\"><label class=\"wpforms-field-label\" for=\"wpforms-495-field_11\">Informa\u021bii suplimentare<\/label><textarea id=\"wpforms-495-field_11\" class=\"wpforms-field-medium\" name=\"wpforms[fields][11]\" ><\/textarea><\/div><div id=\"wpforms-495-field_12-container\" class=\"wpforms-field wpforms-field-checkbox\" data-field-id=\"12\"><label class=\"wpforms-field-label\">Prin completarea \u0219i expedierea acestui formular, sunte\u021bi de acord cu politica de confiden\u021bialitate a acestui website <span class=\"wpforms-required-label\">*<\/span><\/label><ul id=\"wpforms-495-field_12\" class=\"wpforms-field-required\"><li class=\"choice-1 depth-1\"><input type=\"checkbox\" id=\"wpforms-495-field_12_1\" name=\"wpforms[fields][12][]\" value=\"Sunt de acord\" required ><label class=\"wpforms-field-label-inline\" for=\"wpforms-495-field_12_1\">Sunt de acord<\/label><\/li><\/ul><\/div><\/div><!-- .wpforms-field-container --><div class=\"wpforms-submit-container\" ><input type=\"hidden\" name=\"wpforms[id]\" value=\"495\"><input type=\"hidden\" name=\"page_title\" value=\"\"><input type=\"hidden\" name=\"page_url\" value=\"https:\/\/arvayeducational.eu\/new\/wp-json\/wp\/v2\/pages\/522\"><input type=\"hidden\" name=\"url_referer\" value=\"\"><button type=\"submit\" name=\"wpforms[submit]\" id=\"wpforms-submit-495\" class=\"wpforms-submit\" data-alt-text=\"\u00cen curs de expediere\" data-submit-text=\"Trimitere formular de solicitare \u00eenscriere\" aria-live=\"assertive\" value=\"wpforms-submit\">Trimitere formular de solicitare \u00eenscriere<\/button><\/div><input type=\"hidden\" id=\"ct_checkjs_wpforms_c15da1f2b5e5ed6e6837a3802f0d1593\" name=\"ct_checkjs_wpforms\" value=\"0\" \/><script>setTimeout(function(){var ct_input_name = \"ct_checkjs_wpforms_c15da1f2b5e5ed6e6837a3802f0d1593\";if (document.getElementById(ct_input_name) !== null) {var ct_input_value = document.getElementById(ct_input_name).value;document.getElementById(ct_input_name).value = document.getElementById(ct_input_name).value.replace(ct_input_value, '8b791c4a831372065094dcf2c4ad4a2a87fd9cff0adb54dbbc952547f23da5e8');}}, 1000);<\/script><input\n                    class=\"apbct_special_field apbct_email_id__wp_wpforms\"\n                    name=\"apbct__email_id__wp_wpforms\"\n                    aria-label=\"apbct__label_id__wp_wpforms\"\n                    type=\"text\" size=\"30\" maxlength=\"200\" autocomplete=\"off\"\n                    value=\"\"\n                \/><\/form><\/div>  <!-- .wpforms-container -->\n<aside class=\"widget widget_media_image\"><\/aside>\n","protected":false},"excerpt":{"rendered":"<p>\u00cenainte de completarea formularului de \u00eenscriere, ave\u021bi posibilitatea test\u0103rii gratuite online cu ajutorul unui test cu 30 de \u00eentreb\u0103ri.<\/p>\n","protected":false},"author":1,"featured_media":0,"parent":207,"menu_order":0,"comment_status":"closed","ping_status":"closed","template":"","meta":{"_acf_changed":false,"ngg_post_thumbnail":0,"footnotes":""},"class_list":["post-522","page","type-page","status-publish","hentry"],"acf":[],"_links":{"self":[{"href":"https:\/\/arvayeducational.eu\/new\/wp-json\/wp\/v2\/pages\/522","targetHints":{"allow":["GET"]}}],"collection":[{"href":"https:\/\/arvayeducational.eu\/new\/wp-json\/wp\/v2\/pages"}],"about":[{"href":"https:\/\/arvayeducational.eu\/new\/wp-json\/wp\/v2\/types\/page"}],"author":[{"embeddable":true,"href":"https:\/\/arvayeducational.eu\/new\/wp-json\/wp\/v2\/users\/1"}],"replies":[{"embeddable":true,"href":"https:\/\/arvayeducational.eu\/new\/wp-json\/wp\/v2\/comments?post=522"}],"version-history":[{"count":3,"href":"https:\/\/arvayeducational.eu\/new\/wp-json\/wp\/v2\/pages\/522\/revisions"}],"predecessor-version":[{"id":528,"href":"https:\/\/arvayeducational.eu\/new\/wp-json\/wp\/v2\/pages\/522\/revisions\/528"}],"up":[{"embeddable":true,"href":"https:\/\/arvayeducational.eu\/new\/wp-json\/wp\/v2\/pages\/207"}],"wp:attachment":[{"href":"https:\/\/arvayeducational.eu\/new\/wp-json\/wp\/v2\/media?parent=522"}],"curies":[{"name":"wp","href":"https:\/\/api.w.org\/{rel}","templated":true}]}}