{"id":529,"date":"2021-06-30T13:41:21","date_gmt":"2021-06-30T11:41:21","guid":{"rendered":"https:\/\/arvayeducational.eu\/new\/?page_id=529"},"modified":"2021-11-17T18:09:45","modified_gmt":"2021-11-17T16:09:45","slug":"inscriere-formular-in-limba-maghiara","status":"publish","type":"page","link":"https:\/\/arvayeducational.eu\/new\/solicitare-inscriere\/inscriere-formular-in-limba-maghiara\/","title":{"rendered":"\u00censcriere (formular \u00een limba maghiar\u0103)"},"content":{"rendered":"<p>A regisztr\u00e1ci\u00f3s \u0171rlap kit\u00f6lt\u00e9se el\u0151tt leteheti az ingyenes online tesztet, amely egy 30 k\u00e9rd\u00e9sb\u0151l \u00e1ll\u00f3 <span style=\"color: #0000ff;\"><a style=\"color: #0000ff;\" href=\"https:\/\/arvayeducational.eu\/new\/quiz\/english-test\/\"><u>angol<\/u><\/a> <\/span>vagy <u>rom\u00e1n<\/u> kv\u00edz teszt.<\/p>\n<div class=\"wpforms-container wpforms-container-full\" id=\"wpforms-521\"><form id=\"wpforms-form-521\" class=\"wpforms-validate wpforms-form\" data-formid=\"521\" method=\"post\" enctype=\"multipart\/form-data\" action=\"\/new\/wp-json\/wp\/v2\/pages\/529\" data-token=\"0c649f02f35b19f6563e6bc7f0eb6a46\" data-token-time=\"1777813181\"><noscript class=\"wpforms-error-noscript\">Please enable JavaScript in your browser to complete this form.<\/noscript><div class=\"wpforms-field-container\"><div id=\"wpforms-521-field_1-container\" class=\"wpforms-field wpforms-field-name\" data-field-id=\"1\"><label class=\"wpforms-field-label\" for=\"wpforms-521-field_1\">N\u00e9v: <span class=\"wpforms-required-label\">*<\/span><\/label><input type=\"text\" id=\"wpforms-521-field_1\" class=\"wpforms-field-medium wpforms-field-required\" name=\"wpforms[fields][1]\" required><\/div><div id=\"wpforms-521-field_2-container\" class=\"wpforms-field wpforms-field-email\" data-field-id=\"2\"><label class=\"wpforms-field-label\" for=\"wpforms-521-field_2\">Email <span class=\"wpforms-required-label\">*<\/span><\/label><input type=\"email\" id=\"wpforms-521-field_2\" class=\"wpforms-field-medium wpforms-field-required\" name=\"wpforms[fields][2]\" spellcheck=\"false\" required><\/div><div id=\"wpforms-521-field_3-container\" class=\"wpforms-field wpforms-field-number\" data-field-id=\"3\"><label class=\"wpforms-field-label\" for=\"wpforms-521-field_3\">Telefon<\/label><input type=\"number\" id=\"wpforms-521-field_3\" class=\"wpforms-field-medium\" name=\"wpforms[fields][3]\" step=\"any\" ><\/div><div id=\"wpforms-521-field_19-container\" class=\"wpforms-field wpforms-field-text\" data-field-id=\"19\"><label class=\"wpforms-field-label\" for=\"wpforms-521-field_19\">Munkahely<\/label><input type=\"text\" id=\"wpforms-521-field_19\" class=\"wpforms-field-medium\" name=\"wpforms[fields][19]\" ><\/div><div id=\"wpforms-521-field_20-container\" class=\"wpforms-field wpforms-field-text\" data-field-id=\"20\"><label class=\"wpforms-field-label\" for=\"wpforms-521-field_20\">Foglalkoz\u00e1s<\/label><input type=\"text\" id=\"wpforms-521-field_20\" class=\"wpforms-field-medium\" name=\"wpforms[fields][20]\" ><\/div><div id=\"wpforms-521-field_21-container\" class=\"wpforms-field wpforms-field-number\" data-field-id=\"21\"><label class=\"wpforms-field-label\" for=\"wpforms-521-field_21\">Sz\u00fclet\u00e9si d\u00e1tum, \u00f3ra, hely:<\/label><input type=\"number\" id=\"wpforms-521-field_21\" class=\"wpforms-field-medium\" name=\"wpforms[fields][21]\" step=\"any\" ><\/div><div id=\"wpforms-521-field_34-container\" class=\"wpforms-field wpforms-field-number\" data-field-id=\"34\"><label class=\"wpforms-field-label\" for=\"wpforms-521-field_34\">Online teszt eredm\u00e9nye (k\u00e9rj\u00fck \u00edrja be az el\u00e9rt pontsz\u00e1mot)<\/label><input type=\"number\" id=\"wpforms-521-field_34\" class=\"wpforms-field-medium\" name=\"wpforms[fields][34]\" step=\"any\" ><\/div><div id=\"wpforms-521-field_4-container\" class=\"wpforms-field wpforms-field-select wpforms-field-select-style-classic\" data-field-id=\"4\"><label class=\"wpforms-field-label\" for=\"wpforms-521-field_4\">V\u00e1lasztott nyelv: <span class=\"wpforms-required-label\">*<\/span><\/label><select id=\"wpforms-521-field_4\" class=\"wpforms-field-medium wpforms-field-required\" name=\"wpforms[fields][4]\" required=\"required\"><option value=\"Angol\"  class=\"choice-1 depth-1\"  >Angol<\/option><option value=\"Rom\u00e1n\"  class=\"choice-2 depth-1\"  >Rom\u00e1n<\/option><\/select><\/div><div id=\"wpforms-521-field_5-container\" class=\"wpforms-field wpforms-field-select wpforms-field-select-style-classic\" data-field-id=\"5\"><label class=\"wpforms-field-label\" for=\"wpforms-521-field_5\">A tanfolyam t\u00edpusa<\/label><select id=\"wpforms-521-field_5\" class=\"wpforms-field-medium\" name=\"wpforms[fields][5]\"><option value=\"csoportos\"  class=\"choice-1 depth-1\"  >csoportos<\/option><option value=\"egy\u00e9ni (one to one course)\"  class=\"choice-2 depth-1\"  >egy\u00e9ni (one to one course)<\/option><\/select><\/div><div id=\"wpforms-521-field_7-container\" class=\"wpforms-field wpforms-field-select wpforms-field-select-style-classic\" data-field-id=\"7\"><label class=\"wpforms-field-label\" for=\"wpforms-521-field_7\">K\u00e9pz\u00e9s t\u00edpusa<\/label><select id=\"wpforms-521-field_7\" class=\"wpforms-field-medium\" name=\"wpforms[fields][7]\"><option value=\"\u00e1ltal\u00e1nos nyelv\"  class=\"choice-1 depth-1\"  >\u00e1ltal\u00e1nos nyelv<\/option><option value=\"\u00fczleti nyelv\"  class=\"choice-2 depth-1\"  >\u00fczleti nyelv<\/option><option value=\"\u00e1ltal\u00e1nos \u00e9s \u00fczleti nyelv\"  class=\"choice-3 depth-1\"  >\u00e1ltal\u00e1nos \u00e9s \u00fczleti nyelv<\/option><option value=\"akad\u00e9miai nyelv\"  class=\"choice-4 depth-1\"  >akad\u00e9miai nyelv<\/option><\/select><\/div><div id=\"wpforms-521-field_41-container\" class=\"wpforms-field wpforms-field-select wpforms-field-select-style-classic\" data-field-id=\"41\"><label class=\"wpforms-field-label\" for=\"wpforms-521-field_41\">Milyen t\u00e9m\u00e1kat szeretne elm\u00e9ly\u00edteni?<\/label><select id=\"wpforms-521-field_41\" class=\"wpforms-field-medium\" name=\"wpforms[fields][41]\"><option value=\"Nyelvtan\"  class=\"choice-1 depth-1\"  >Nyelvtan<\/option><option value=\"Sz\u00f3kincs\"  class=\"choice-2 depth-1\"  >Sz\u00f3kincs<\/option><option value=\"T\u00e1rsalg\u00e1s\"  class=\"choice-3 depth-1\"  >T\u00e1rsalg\u00e1s<\/option><option value=\"\u00cdr\u00e1s (fogalmaz\u00e1s, email stb.)\"  class=\"choice-4 depth-1\"  >\u00cdr\u00e1s (fogalmaz\u00e1s, email stb.)<\/option><\/select><\/div><div id=\"wpforms-521-field_42-container\" class=\"wpforms-field wpforms-field-select wpforms-field-select-style-classic\" data-field-id=\"42\"><label class=\"wpforms-field-label\" for=\"wpforms-521-field_42\">Mi c\u00e9lb\u00f3l szeretn\u00e9 tanulni a v\u00e1lasztott nyelvet?<\/label><select id=\"wpforms-521-field_42\" class=\"wpforms-field-medium\" name=\"wpforms[fields][42]\"><option value=\"Nyelvvizsga\"  class=\"choice-1 depth-1\"  >Nyelvvizsga<\/option><option value=\"Interj\u00fa (pl. \u00faj \u00e1ll\u00e1sra)\"  class=\"choice-2 depth-1\"  >Interj\u00fa (pl. \u00faj \u00e1ll\u00e1sra)<\/option><option value=\"Bemutat\u00f3\"  class=\"choice-3 depth-1\"  >Bemutat\u00f3<\/option><option value=\"T\u00e1rgyal\u00e1s (pl.c\u00e9gn\u00e9l)\"  class=\"choice-4 depth-1\"  >T\u00e1rgyal\u00e1s (pl.c\u00e9gn\u00e9l)<\/option><option value=\"Levelez\u00e9s k\u00fclf\u00f6ldiekkel \"  class=\"choice-7 depth-1\"  >Levelez\u00e9s k\u00fclf\u00f6ldiekkel<\/option><option value=\"Utaz\u00e1s k\u00fclf\u00f6ldre\"  class=\"choice-6 depth-1\"  >Utaz\u00e1s k\u00fclf\u00f6ldre<\/option><option value=\"Szerkeszt\u00e9s\/lektor\u00e1l\u00e1s\"  class=\"choice-5 depth-1\"  >Szerkeszt\u00e9s\/lektor\u00e1l\u00e1s<\/option><\/select><\/div><div id=\"wpforms-521-field_10-container\" class=\"wpforms-field wpforms-field-select wpforms-field-select-style-classic\" data-field-id=\"10\"><label class=\"wpforms-field-label\" for=\"wpforms-521-field_10\">A tanfolyam helye<\/label><select id=\"wpforms-521-field_10\" class=\"wpforms-field-medium\" name=\"wpforms[fields][10]\"><option value=\"Online Skype\"  selected='selected' class=\"choice-1 depth-1\"  >Online Skype<\/option><option value=\"Online Zoom\"  class=\"choice-2 depth-1\"  >Online Zoom<\/option><option value=\"AEC iskol\u00e1ban, Fildesului u.\"  class=\"choice-3 depth-1\"  >AEC iskol\u00e1ban, Fildesului u.<\/option><option value=\"m\u00e1sik c\u00edm (k\u00e9rj\u00fck, adja meg a c\u00edmet a regisztr\u00e1ci\u00f3s \u0171rlap v\u00e9g\u00e9n tal\u00e1lhat\u00f3 kieg\u00e9sz\u00edt\u0151 inform\u00e1ci\u00f3 mez\u0151ben)\"  class=\"choice-4 depth-1\"  >m\u00e1sik c\u00edm (k\u00e9rj\u00fck, adja meg a c\u00edmet a regisztr\u00e1ci\u00f3s \u0171rlap v\u00e9g\u00e9n tal\u00e1lhat\u00f3 kieg\u00e9sz\u00edt\u0151 inform\u00e1ci\u00f3 mez\u0151ben)<\/option><\/select><\/div><div id=\"wpforms-521-field_43-container\" class=\"wpforms-field wpforms-field-select wpforms-field-select-style-classic\" data-field-id=\"43\"><label class=\"wpforms-field-label\" for=\"wpforms-521-field_43\">A tanfolyam id\u0151tartama<\/label><select id=\"wpforms-521-field_43\" class=\"wpforms-field-medium\" name=\"wpforms[fields][43]\"><option value=\"60 perc (1 \u00f3ra)\"  class=\"choice-1 depth-1\"  >60 perc (1 \u00f3ra)<\/option><option value=\"90 perc (m\u00e1sf\u00e9l \u00f3ra)\"  class=\"choice-2 depth-1\"  >90 perc (m\u00e1sf\u00e9l \u00f3ra)<\/option><option value=\"120 perc (2 \u00f3ra)\"  class=\"choice-3 depth-1\"  >120 perc (2 \u00f3ra)<\/option><\/select><\/div><div id=\"wpforms-521-field_26-container\" class=\"wpforms-field wpforms-field-textarea\" data-field-id=\"26\"><label class=\"wpforms-field-label\" for=\"wpforms-521-field_26\">Kedvenc id\u0151pontok a tanfolyam megkezd\u00e9s\u00e9hez<\/label><textarea id=\"wpforms-521-field_26\" class=\"wpforms-field-medium\" name=\"wpforms[fields][26]\" ><\/textarea><\/div><div id=\"wpforms-521-field_27-container\" class=\"wpforms-field wpforms-field-select wpforms-field-select-style-classic\" data-field-id=\"27\"><label class=\"wpforms-field-label\" for=\"wpforms-521-field_27\">Tanfolyam intenzit\u00e1sa<\/label><select id=\"wpforms-521-field_27\" class=\"wpforms-field-medium\" name=\"wpforms[fields][27]\"><option value=\"Hetente: 1x\"  class=\"choice-1 depth-1\"  >Hetente: 1x<\/option><option value=\"Hetente: 2x\"  class=\"choice-2 depth-1\"  >Hetente: 2x<\/option><option value=\"Hetente: 3x\"  class=\"choice-3 depth-1\"  >Hetente: 3x<\/option><option value=\"Havonta: 1x\"  class=\"choice-4 depth-1\"  >Havonta: 1x<\/option><option value=\"Havonta: 2x\"  class=\"choice-5 depth-1\"  >Havonta: 2x<\/option><\/select><\/div><div id=\"wpforms-521-field_28-container\" class=\"wpforms-field wpforms-field-select wpforms-field-select-style-classic\" data-field-id=\"28\"><label class=\"wpforms-field-label\" for=\"wpforms-521-field_28\">Egy\u00fcttm\u0171k\u00f6d\u00e9s\u00fcnk id\u0151tartama<\/label><select id=\"wpforms-521-field_28\" class=\"wpforms-field-medium\" name=\"wpforms[fields][28]\"><option value=\"10 alkalom = pr\u00f3ba id\u0151szak\"  class=\"choice-1 depth-1\"  >10 alkalom = pr\u00f3ba id\u0151szak<\/option><option value=\"20 alkalom = f\u00e9l modul\"  class=\"choice-2 depth-1\"  >20 alkalom = f\u00e9l modul<\/option><option value=\"40 alkalom = teljes modul\"  class=\"choice-3 depth-1\"  >40 alkalom = teljes modul<\/option><\/select><\/div><div id=\"wpforms-521-field_29-container\" class=\"wpforms-field wpforms-field-select wpforms-field-select-style-classic\" data-field-id=\"29\"><label class=\"wpforms-field-label\" for=\"wpforms-521-field_29\">Tank\u00f6nyv \u00e9s munkaf\u00fczet<\/label><select id=\"wpforms-521-field_29\" class=\"wpforms-field-medium\" name=\"wpforms[fields][29]\"><option value=\"Eredeti p\u00e9ld\u00e1ny\"  class=\"choice-1 depth-1\"  >Eredeti p\u00e9ld\u00e1ny<\/option><option value=\"F\u00e9nym\u00e1solt p\u00e9ld\u00e1ny\"  class=\"choice-2 depth-1\"  >F\u00e9nym\u00e1solt p\u00e9ld\u00e1ny<\/option><option value=\"Virtu\u00e1lis p\u00e9ld\u00e1ny interneten k\u00fcldve\"  class=\"choice-3 depth-1\"  >Virtu\u00e1lis p\u00e9ld\u00e1ny interneten k\u00fcldve<\/option><\/select><\/div><div id=\"wpforms-521-field_30-container\" class=\"wpforms-field wpforms-field-select wpforms-field-select-style-classic\" data-field-id=\"30\"><label class=\"wpforms-field-label\" for=\"wpforms-521-field_30\">Kurzus kifizet\u00e9se<\/label><select id=\"wpforms-521-field_30\" class=\"wpforms-field-medium\" name=\"wpforms[fields][30]\"><option value=\"Helyben minden tal\u00e1lkoz\u00e1skor\"  class=\"choice-1 depth-1\"  >Helyben minden tal\u00e1lkoz\u00e1skor<\/option><option value=\"Ut\u00f3lag a h\u00f3 v\u00e9g\u00e9n\"  class=\"choice-2 depth-1\"  >Ut\u00f3lag a h\u00f3 v\u00e9g\u00e9n<\/option><option value=\"El\u0151re a h\u00f3 elej\u00e9n\"  class=\"choice-3 depth-1\"  >El\u0151re a h\u00f3 elej\u00e9n<\/option><\/select><\/div><div id=\"wpforms-521-field_31-container\" class=\"wpforms-field wpforms-field-select wpforms-field-select-style-classic\" data-field-id=\"31\"><label class=\"wpforms-field-label\" for=\"wpforms-521-field_31\">A fizet\u00e9si m\u00f3d<\/label><select id=\"wpforms-521-field_31\" class=\"wpforms-field-medium\" name=\"wpforms[fields][31]\"><option value=\"Banki utal\u00e1ssal\"  class=\"choice-1 depth-1\"  >Banki utal\u00e1ssal<\/option><option value=\"K\u00e9szp\u00e9nzzel \"  class=\"choice-2 depth-1\"  >K\u00e9szp\u00e9nzzel<\/option><\/select><\/div><div id=\"wpforms-521-field_46-container\" class=\"wpforms-field wpforms-field-select wpforms-field-select-style-classic\" data-field-id=\"46\"><label class=\"wpforms-field-label\" for=\"wpforms-521-field_46\">Szerz\u0151d\u00e9s t\u00edpusa<\/label><select id=\"wpforms-521-field_46\" class=\"wpforms-field-medium\" name=\"wpforms[fields][46]\"><option value=\"Jogi szem\u00e9ly\"  class=\"choice-1 depth-1\"  >Jogi szem\u00e9ly<\/option><option value=\"Mag\u00e1nyszem\u00e9ly\"  class=\"choice-2 depth-1\"  >Mag\u00e1nyszem\u00e9ly<\/option><\/select><\/div><div id=\"wpforms-521-field_33-container\" class=\"wpforms-field wpforms-field-textarea\" data-field-id=\"33\"><label class=\"wpforms-field-label\" for=\"wpforms-521-field_33\">Az elsz\u00e1mol\u00e1s adatai (c\u00e9gn\u00e9v, sz\u00e9khely, Reg. Com., CUI, IBAN k\u00f3d, bank)<\/label><textarea id=\"wpforms-521-field_33\" class=\"wpforms-field-medium\" name=\"wpforms[fields][33]\" ><\/textarea><\/div><div id=\"wpforms-521-field_11-container\" class=\"wpforms-field wpforms-field-textarea\" data-field-id=\"11\"><label class=\"wpforms-field-label\" for=\"wpforms-521-field_11\">T\u00f6bb inform\u00e1ci\u00f3<\/label><textarea id=\"wpforms-521-field_11\" class=\"wpforms-field-medium\" name=\"wpforms[fields][11]\" ><\/textarea><\/div><div id=\"wpforms-521-field_12-container\" class=\"wpforms-field wpforms-field-checkbox\" data-field-id=\"12\"><label class=\"wpforms-field-label\">Az \u0171rlap kit\u00f6lt\u00e9s\u00e9vel \u00e9s bek\u00fcld\u00e9s\u00e9vel elfogadja a weboldal adatv\u00e9delmi ir\u00e1nyelveit <span class=\"wpforms-required-label\">*<\/span><\/label><ul id=\"wpforms-521-field_12\" class=\"wpforms-field-required\"><li class=\"choice-1 depth-1\"><input type=\"checkbox\" id=\"wpforms-521-field_12_1\" name=\"wpforms[fields][12][]\" value=\"Egyet\u00e9rtek\" required ><label class=\"wpforms-field-label-inline\" for=\"wpforms-521-field_12_1\">Egyet\u00e9rtek<\/label><\/li><\/ul><\/div><\/div><!-- .wpforms-field-container --><div class=\"wpforms-submit-container\" ><input type=\"hidden\" name=\"wpforms[id]\" value=\"521\"><input type=\"hidden\" name=\"page_title\" value=\"\"><input type=\"hidden\" name=\"page_url\" value=\"https:\/\/arvayeducational.eu\/new\/wp-json\/wp\/v2\/pages\/529\"><input type=\"hidden\" name=\"url_referer\" value=\"\"><button type=\"submit\" name=\"wpforms[submit]\" id=\"wpforms-submit-521\" class=\"wpforms-submit\" data-alt-text=\"Folyamatban\" data-submit-text=\"K\u00fcldje el a regisztr\u00e1ci\u00f3s jelentkez\u00e9si lapot\" aria-live=\"assertive\" value=\"wpforms-submit\">K\u00fcldje el a regisztr\u00e1ci\u00f3s jelentkez\u00e9si lapot<\/button><\/div><input type=\"hidden\" id=\"ct_checkjs_wpforms_e46de7e1bcaaced9a54f1e9d0d2f800d\" name=\"ct_checkjs_wpforms\" value=\"0\" \/><script>setTimeout(function(){var ct_input_name = \"ct_checkjs_wpforms_e46de7e1bcaaced9a54f1e9d0d2f800d\";if (document.getElementById(ct_input_name) !== null) {var ct_input_value = document.getElementById(ct_input_name).value;document.getElementById(ct_input_name).value = document.getElementById(ct_input_name).value.replace(ct_input_value, '8b791c4a831372065094dcf2c4ad4a2a87fd9cff0adb54dbbc952547f23da5e8');}}, 1000);<\/script><input\n                    class=\"apbct_special_field apbct_email_id__wp_wpforms\"\n                    name=\"apbct__email_id__wp_wpforms\"\n                    aria-label=\"apbct__label_id__wp_wpforms\"\n                    type=\"text\" size=\"30\" maxlength=\"200\" autocomplete=\"off\"\n                    value=\"\"\n                \/><\/form><\/div>  <!-- .wpforms-container -->\n","protected":false},"excerpt":{"rendered":"<p>A regisztr\u00e1ci\u00f3s \u0171rlap kit\u00f6lt\u00e9se el\u0151tt leteheti az ingyenes online tesztet, amely egy 30 k\u00e9rd\u00e9sb\u0151l \u00e1ll\u00f3 angol vagy rom\u00e1n kv\u00edz teszt.<\/p>\n","protected":false},"author":1,"featured_media":0,"parent":207,"menu_order":0,"comment_status":"closed","ping_status":"closed","template":"","meta":{"_acf_changed":false,"ngg_post_thumbnail":0,"footnotes":""},"class_list":["post-529","page","type-page","status-publish","hentry"],"acf":[],"_links":{"self":[{"href":"https:\/\/arvayeducational.eu\/new\/wp-json\/wp\/v2\/pages\/529","targetHints":{"allow":["GET"]}}],"collection":[{"href":"https:\/\/arvayeducational.eu\/new\/wp-json\/wp\/v2\/pages"}],"about":[{"href":"https:\/\/arvayeducational.eu\/new\/wp-json\/wp\/v2\/types\/page"}],"author":[{"embeddable":true,"href":"https:\/\/arvayeducational.eu\/new\/wp-json\/wp\/v2\/users\/1"}],"replies":[{"embeddable":true,"href":"https:\/\/arvayeducational.eu\/new\/wp-json\/wp\/v2\/comments?post=529"}],"version-history":[{"count":3,"href":"https:\/\/arvayeducational.eu\/new\/wp-json\/wp\/v2\/pages\/529\/revisions"}],"predecessor-version":[{"id":595,"href":"https:\/\/arvayeducational.eu\/new\/wp-json\/wp\/v2\/pages\/529\/revisions\/595"}],"up":[{"embeddable":true,"href":"https:\/\/arvayeducational.eu\/new\/wp-json\/wp\/v2\/pages\/207"}],"wp:attachment":[{"href":"https:\/\/arvayeducational.eu\/new\/wp-json\/wp\/v2\/media?parent=529"}],"curies":[{"name":"wp","href":"https:\/\/api.w.org\/{rel}","templated":true}]}}