{"id":706,"date":"2022-04-08T13:52:15","date_gmt":"2022-04-08T11:52:15","guid":{"rendered":"https:\/\/arvayeducational.eu\/new\/?page_id=706"},"modified":"2022-04-08T14:55:54","modified_gmt":"2022-04-08T12:55:54","slug":"astrologie-si-tarot","status":"publish","type":"page","link":"https:\/\/arvayeducational.eu\/new\/blog-anna-tunde-arvay\/astrologie-si-tarot\/","title":{"rendered":"ASTROLOGIE \u0218I TAROT"},"content":{"rendered":"<div data-elementor-type=\"wp-post\" data-elementor-id=\"1342\" class=\"elementor elementor-1342\" data-elementor-settings=\"{&quot;ha_cmc_init_switcher&quot;:&quot;no&quot;}\">\n\t\t\t\t\t\t<section class=\"elementor-section elementor-top-section elementor-element elementor-element-4cd7289 elementor-section-boxed elementor-section-height-default elementor-section-height-default exad-glass-effect-no exad-sticky-section-no\" data-id=\"4cd7289\" data-element_type=\"section\" data-e-type=\"section\" data-settings=\"{&quot;background_background&quot;:&quot;classic&quot;,&quot;_ha_eqh_enable&quot;:false}\">\n\t\t\t\t\t\t<div class=\"elementor-container elementor-column-gap-default\">\n\t\t\t\t\t<div class=\"elementor-column elementor-col-100 elementor-top-column elementor-element elementor-element-1ecf166 exad-glass-effect-no exad-sticky-section-no\" data-id=\"1ecf166\" data-element_type=\"column\" data-e-type=\"column\">\n\t\t\t<div class=\"elementor-widget-wrap\">\n\t\t\t\t\t\t\t<\/div>\n\t\t<\/div>\n\t\t\t\t\t<\/div>\n\t\t<\/section>\n\t\t\t\t<section class=\"elementor-section elementor-top-section elementor-element elementor-element-3024fbb elementor-section-boxed elementor-section-height-default elementor-section-height-default exad-glass-effect-no exad-sticky-section-no\" data-id=\"3024fbb\" data-element_type=\"section\" data-e-type=\"section\" data-settings=\"{&quot;_ha_eqh_enable&quot;:false}\">\n\t\t\t\t\t\t<div class=\"elementor-container elementor-column-gap-default\">\n\t\t\t\t\t<div class=\"elementor-column elementor-col-100 elementor-top-column elementor-element elementor-element-ff8bcb6 exad-glass-effect-no exad-sticky-section-no\" data-id=\"ff8bcb6\" data-element_type=\"column\" data-e-type=\"column\">\n\t\t\t<div class=\"elementor-widget-wrap elementor-element-populated\">\n\t\t\t\t\t\t<div class=\"elementor-element elementor-element-b61bca3 exad-sticky-section-no exad-glass-effect-no elementor-widget elementor-widget-heading\" data-id=\"b61bca3\" data-element_type=\"widget\" data-e-type=\"widget\" data-widget_type=\"heading.default\">\n\t\t\t\t<div class=\"elementor-widget-container\">\n\t\t\t\t\t<h2 class=\"elementor-heading-title elementor-size-default\">Am selectat din \u00eentreb\u0103rile primelor persoane care au venit la consulta\u021bie. Asemenea \u00eentreb\u0103ri nasc r\u0103spunsuri profunde la analiz\u0103, pe astrogram\u0103 oricum se vede tot, toate rezolv\u0103rile la toate provoc\u0103rile vie\u021bii, conteaz\u0103 curiozitatea, deschiderea cu care veni\u021bi deci p\u00e2n\u0103 la urm\u0103 conteaz\u0103 CUM punem \u00eentrebarea.<\/h2><\/div><\/div><\/div><\/div><\/div><\/section><\/div>&hellip; <a href=\"https:\/\/arvayeducational.eu\/new\/2022\/06\/24\/rolul-astrologiei\/\" class=\"read-more\">Citi\u021bi mai mult ... <\/a>","protected":false},"excerpt":{"rendered":"<div data-elementor-type=\"wp-post\" data-elementor-id=\"1342\" class=\"elementor elementor-1342\" data-elementor-settings=\"{&quot;ha_cmc_init_switcher&quot;:&quot;no&quot;}\">\n\t\t\t\t\t\t<section class=\"elementor-section elementor-top-section elementor-element elementor-element-4cd7289 elementor-section-boxed elementor-section-height-default elementor-section-height-default exad-glass-effect-no exad-sticky-section-no\" data-id=\"4cd7289\" data-element_type=\"section\" data-e-type=\"section\" data-settings=\"{&quot;background_background&quot;:&quot;classic&quot;,&quot;_ha_eqh_enable&quot;:false}\">\n\t\t\t\t\t\t<div class=\"elementor-container elementor-column-gap-default\">\n\t\t\t\t\t<div class=\"elementor-column elementor-col-100 elementor-top-column elementor-element elementor-element-1ecf166 exad-glass-effect-no exad-sticky-section-no\" data-id=\"1ecf166\" data-element_type=\"column\" data-e-type=\"column\">\n\t\t\t<div class=\"elementor-widget-wrap\">\n\t\t\t\t\t\t\t<\/div>\n\t\t<\/div>\n\t\t\t\t\t<\/div>\n\t\t<\/section>\n\t\t\t\t<section class=\"elementor-section elementor-top-section elementor-element elementor-element-3024fbb elementor-section-boxed elementor-section-height-default elementor-section-height-default exad-glass-effect-no exad-sticky-section-no\" data-id=\"3024fbb\" data-element_type=\"section\" data-e-type=\"section\" data-settings=\"{&quot;_ha_eqh_enable&quot;:false}\">\n\t\t\t\t\t\t<div class=\"elementor-container elementor-column-gap-default\">\n\t\t\t\t\t<div class=\"elementor-column elementor-col-100 elementor-top-column elementor-element elementor-element-ff8bcb6 exad-glass-effect-no exad-sticky-section-no\" data-id=\"ff8bcb6\" data-element_type=\"column\" data-e-type=\"column\">\n\t\t\t<div class=\"elementor-widget-wrap elementor-element-populated\">\n\t\t\t\t\t\t<div class=\"elementor-element elementor-element-b61bca3 exad-sticky-section-no exad-glass-effect-no elementor-widget elementor-widget-heading\" data-id=\"b61bca3\" data-element_type=\"widget\" data-e-type=\"widget\" data-widget_type=\"heading.default\">\n\t\t\t\t<div class=\"elementor-widget-container\">\n\t\t\t\t\t<h2 class=\"elementor-heading-title elementor-size-default\">Am selectat din \u00eentreb\u0103rile primelor persoane care au venit la consulta\u021bie. Asemenea \u00eentreb\u0103ri nasc r\u0103spunsuri profunde la analiz\u0103, pe astrogram\u0103 oricum se vede tot, toate rezolv\u0103rile la toate provoc\u0103rile vie\u021bii, conteaz\u0103 curiozitatea, deschiderea cu care veni\u021bi deci p\u00e2n\u0103 la urm\u0103 conteaz\u0103 CUM punem \u00eentrebarea.<\/h2><\/div><\/div><\/div><\/div><\/div><\/section><\/div>&hellip; <a href=\"https:\/\/arvayeducational.eu\/new\/2022\/06\/24\/rolul-astrologiei\/\" class=\"read-more\">Citi\u021bi mai mult ... <\/a>","protected":false},"author":1,"featured_media":0,"parent":627,"menu_order":0,"comment_status":"closed","ping_status":"closed","template":"","meta":{"_acf_changed":false,"ngg_post_thumbnail":0,"footnotes":""},"class_list":["post-706","page","type-page","status-publish","hentry"],"acf":[],"_links":{"self":[{"href":"https:\/\/arvayeducational.eu\/new\/wp-json\/wp\/v2\/pages\/706","targetHints":{"allow":["GET"]}}],"collection":[{"href":"https:\/\/arvayeducational.eu\/new\/wp-json\/wp\/v2\/pages"}],"about":[{"href":"https:\/\/arvayeducational.eu\/new\/wp-json\/wp\/v2\/types\/page"}],"author":[{"embeddable":true,"href":"https:\/\/arvayeducational.eu\/new\/wp-json\/wp\/v2\/users\/1"}],"replies":[{"embeddable":true,"href":"https:\/\/arvayeducational.eu\/new\/wp-json\/wp\/v2\/comments?post=706"}],"version-history":[{"count":7,"href":"https:\/\/arvayeducational.eu\/new\/wp-json\/wp\/v2\/pages\/706\/revisions"}],"predecessor-version":[{"id":756,"href":"https:\/\/arvayeducational.eu\/new\/wp-json\/wp\/v2\/pages\/706\/revisions\/756"}],"up":[{"embeddable":true,"href":"https:\/\/arvayeducational.eu\/new\/wp-json\/wp\/v2\/pages\/627"}],"wp:attachment":[{"href":"https:\/\/arvayeducational.eu\/new\/wp-json\/wp\/v2\/media?parent=706"}],"curies":[{"name":"wp","href":"https:\/\/api.w.org\/{rel}","templated":true}]}}