{"id":719,"date":"2022-04-08T14:16:33","date_gmt":"2022-04-08T12:16:33","guid":{"rendered":"https:\/\/arvayeducational.eu\/new\/?page_id=719"},"modified":"2022-05-23T21:12:34","modified_gmt":"2022-05-23T19:12:34","slug":"feminitate","status":"publish","type":"page","link":"https:\/\/arvayeducational.eu\/new\/blog-anna-tunde-arvay\/feminitate\/","title":{"rendered":"FEMINITATE"},"content":{"rendered":"\t\t<div data-elementor-type=\"wp-page\" data-elementor-id=\"719\" class=\"elementor elementor-719\" data-elementor-settings=\"{&quot;ha_cmc_init_switcher&quot;:&quot;no&quot;}\">\n\t\t\t\t\t\t<section class=\"elementor-section elementor-top-section elementor-element elementor-element-303ebcd elementor-section-boxed elementor-section-height-default elementor-section-height-default exad-glass-effect-no exad-sticky-section-no\" data-id=\"303ebcd\" data-element_type=\"section\" data-e-type=\"section\" data-settings=\"{&quot;_ha_eqh_enable&quot;:false}\">\n\t\t\t\t\t\t<div class=\"elementor-container elementor-column-gap-default\">\n\t\t\t\t\t<div class=\"elementor-column elementor-col-100 elementor-top-column elementor-element elementor-element-2671c0c exad-glass-effect-no exad-sticky-section-no\" data-id=\"2671c0c\" data-element_type=\"column\" data-e-type=\"column\">\n\t\t\t<div class=\"elementor-widget-wrap elementor-element-populated\">\n\t\t\t\t\t\t<div class=\"elementor-element elementor-element-87fcdb2 exad-sticky-section-no exad-glass-effect-no elementor-widget elementor-widget-image\" data-id=\"87fcdb2\" data-element_type=\"widget\" data-e-type=\"widget\" data-widget_type=\"image.default\">\n\t\t\t\t<div class=\"elementor-widget-container\">\n\t\t\t\t\t\t\t\t\t\t\t\t\t\t\t<img fetchpriority=\"high\" decoding=\"async\" width=\"1024\" height=\"280\" src=\"https:\/\/arvayeducational.eu\/new\/wp-content\/uploads\/2022\/03\/cropped-banner1_v3-1-1024x280.png\" class=\"attachment-large size-large wp-image-720\" alt=\"\" srcset=\"https:\/\/arvayeducational.eu\/new\/wp-content\/uploads\/2022\/03\/cropped-banner1_v3-1-1024x280.png 1024w, https:\/\/arvayeducational.eu\/new\/wp-content\/uploads\/2022\/03\/cropped-banner1_v3-1-300x82.png 300w, https:\/\/arvayeducational.eu\/new\/wp-content\/uploads\/2022\/03\/cropped-banner1_v3-1-768x210.png 768w, https:\/\/arvayeducational.eu\/new\/wp-content\/uploads\/2022\/03\/cropped-banner1_v3-1-1536x420.png 1536w, https:\/\/arvayeducational.eu\/new\/wp-content\/uploads\/2022\/03\/cropped-banner1_v3-1.png 1600w\" sizes=\"(max-width: 1024px) 100vw, 1024px\" \/>\t\t\t\t\t\t\t\t\t\t\t\t\t\t\t<\/div>\n\t\t\t\t<\/div>\n\t\t\t\t\t<\/div>\n\t\t<\/div>\n\t\t\t\t\t<\/div>\n\t\t<\/section>\n\t\t\t\t<section class=\"elementor-section elementor-top-section elementor-element elementor-element-2d1ed9f elementor-section-boxed elementor-section-height-default elementor-section-height-default exad-glass-effect-no exad-sticky-section-no\" data-id=\"2d1ed9f\" data-element_type=\"section\" data-e-type=\"section\" data-settings=\"{&quot;_ha_eqh_enable&quot;:false}\">\n\t\t\t\t\t\t<div class=\"elementor-container elementor-column-gap-default\">\n\t\t\t\t\t<div class=\"elementor-column elementor-col-100 elementor-top-column elementor-element elementor-element-c304397 exad-glass-effect-no exad-sticky-section-no\" data-id=\"c304397\" data-element_type=\"column\" data-e-type=\"column\">\n\t\t\t<div class=\"elementor-widget-wrap elementor-element-populated\">\n\t\t\t\t\t\t<div class=\"elementor-element elementor-element-883666f elementor-widget-divider--view-line exad-sticky-section-no exad-glass-effect-no elementor-widget elementor-widget-divider\" data-id=\"883666f\" data-element_type=\"widget\" data-e-type=\"widget\" data-widget_type=\"divider.default\">\n\t\t\t\t<div class=\"elementor-widget-container\">\n\t\t\t\t\t\t\t<div class=\"elementor-divider\">\n\t\t\t<span class=\"elementor-divider-separator\">\n\t\t\t\t\t\t<\/span>\n\t\t<\/div>\n\t\t\t\t\t\t<\/div>\n\t\t\t\t<\/div>\n\t\t\t\t\t<\/div>\n\t\t<\/div>\n\t\t\t\t\t<\/div>\n\t\t<\/section>\n\t\t\t\t<section class=\"elementor-section elementor-top-section elementor-element elementor-element-847eaad elementor-section-boxed elementor-section-height-default elementor-section-height-default exad-glass-effect-no exad-sticky-section-no\" data-id=\"847eaad\" data-element_type=\"section\" data-e-type=\"section\" data-settings=\"{&quot;_ha_eqh_enable&quot;:false}\">\n\t\t\t\t\t\t<div class=\"elementor-container elementor-column-gap-default\">\n\t\t\t\t\t<div class=\"elementor-column elementor-col-100 elementor-top-column elementor-element elementor-element-06f8ec1 exad-glass-effect-no exad-sticky-section-no\" data-id=\"06f8ec1\" data-element_type=\"column\" data-e-type=\"column\">\n\t\t\t<div class=\"elementor-widget-wrap\">\n\t\t\t\t\t\t\t<\/div>\n\t\t<\/div>\n\t\t\t\t\t<\/div>\n\t\t<\/section>\n\t\t\t\t<section class=\"elementor-section elementor-top-section elementor-element elementor-element-39a6242 elementor-section-boxed elementor-section-height-default elementor-section-height-default exad-glass-effect-no exad-sticky-section-no\" data-id=\"39a6242\" data-element_type=\"section\" data-e-type=\"section\" data-settings=\"{&quot;_ha_eqh_enable&quot;:false}\">\n\t\t\t\t\t\t<div class=\"elementor-container elementor-column-gap-default\">\n\t\t\t\t\t<div class=\"elementor-column elementor-col-100 elementor-top-column elementor-element elementor-element-552ca8b exad-glass-effect-no exad-sticky-section-no\" data-id=\"552ca8b\" data-element_type=\"column\" data-e-type=\"column\">\n\t\t\t<div class=\"elementor-widget-wrap elementor-element-populated\">\n\t\t\t\t\t\t<div class=\"elementor-element elementor-element-9258fb9 elementor-widget-divider--view-line exad-sticky-section-no exad-glass-effect-no elementor-widget elementor-widget-divider\" data-id=\"9258fb9\" data-element_type=\"widget\" data-e-type=\"widget\" data-widget_type=\"divider.default\">\n\t\t\t\t<div class=\"elementor-widget-container\">\n\t\t\t\t\t\t\t<div class=\"elementor-divider\">\n\t\t\t<span class=\"elementor-divider-separator\">\n\t\t\t\t\t\t<\/span>\n\t\t<\/div>\n\t\t\t\t\t\t<\/div>\n\t\t\t\t<\/div>\n\t\t\t\t\t<\/div>\n\t\t<\/div>\n\t\t\t\t\t<\/div>\n\t\t<\/section>\n\t\t\t\t<section class=\"elementor-section elementor-top-section elementor-element elementor-element-21f6997 elementor-section-boxed elementor-section-height-default elementor-section-height-default exad-glass-effect-no exad-sticky-section-no\" data-id=\"21f6997\" data-element_type=\"section\" data-e-type=\"section\" data-settings=\"{&quot;_ha_eqh_enable&quot;:false}\">\n\t\t\t\t\t\t<div class=\"elementor-container elementor-column-gap-default\">\n\t\t\t\t\t<div class=\"elementor-column elementor-col-66 elementor-top-column elementor-element elementor-element-4d2b77f exad-glass-effect-no exad-sticky-section-no\" data-id=\"4d2b77f\" data-element_type=\"column\" data-e-type=\"column\">\n\t\t\t<div class=\"elementor-widget-wrap\">\n\t\t\t\t\t\t\t<\/div>\n\t\t<\/div>\n\t\t\t\t<div class=\"elementor-column elementor-col-33 elementor-top-column elementor-element elementor-element-6720161 exad-glass-effect-no exad-sticky-section-no\" data-id=\"6720161\" data-element_type=\"column\" data-e-type=\"column\">\n\t\t\t<div class=\"elementor-widget-wrap\">\n\t\t\t\t\t\t\t<\/div>\n\t\t<\/div>\n\t\t\t\t\t<\/div>\n\t\t<\/section>\n\t\t\t\t<\/div>\n\t\t","protected":false},"excerpt":{"rendered":"<p>BLOG TR\u0102IRILE MELE ASTROLOGIE \u0218I TAROT C\u0102L\u0102TORII FEMINITATE S\u0102N\u0102TATE X Frumuse\u021bea femeilor plinu\u021be Suferin\u021ba nu mi-a \u00eentunecat puterea de a rezista durerii \u0219i de a-mi concretiza visul Interviu despre anii 2004-2017 \u201cAceasta este povestea unei femei pasionate de munca ei, o poveste pe care am citit-o pe ner\u0103suflate \u0219i care m-a trecut printr-un carusel \u00eentreg <a class=\"read-more-link\" href=\"https:\/\/arvayeducational.eu\/new\/blog-anna-tunde-arvay\/feminitate\/\">Citi\u021bi mai mult &#8230;<\/a><\/p>\n","protected":false},"author":1,"featured_media":0,"parent":627,"menu_order":0,"comment_status":"closed","ping_status":"closed","template":"","meta":{"_acf_changed":false,"ngg_post_thumbnail":0,"footnotes":""},"class_list":["post-719","page","type-page","status-publish","hentry"],"acf":[],"_links":{"self":[{"href":"https:\/\/arvayeducational.eu\/new\/wp-json\/wp\/v2\/pages\/719","targetHints":{"allow":["GET"]}}],"collection":[{"href":"https:\/\/arvayeducational.eu\/new\/wp-json\/wp\/v2\/pages"}],"about":[{"href":"https:\/\/arvayeducational.eu\/new\/wp-json\/wp\/v2\/types\/page"}],"author":[{"embeddable":true,"href":"https:\/\/arvayeducational.eu\/new\/wp-json\/wp\/v2\/users\/1"}],"replies":[{"embeddable":true,"href":"https:\/\/arvayeducational.eu\/new\/wp-json\/wp\/v2\/comments?post=719"}],"version-history":[{"count":16,"href":"https:\/\/arvayeducational.eu\/new\/wp-json\/wp\/v2\/pages\/719\/revisions"}],"predecessor-version":[{"id":1100,"href":"https:\/\/arvayeducational.eu\/new\/wp-json\/wp\/v2\/pages\/719\/revisions\/1100"}],"up":[{"embeddable":true,"href":"https:\/\/arvayeducational.eu\/new\/wp-json\/wp\/v2\/pages\/627"}],"wp:attachment":[{"href":"https:\/\/arvayeducational.eu\/new\/wp-json\/wp\/v2\/media?parent=719"}],"curies":[{"name":"wp","href":"https:\/\/api.w.org\/{rel}","templated":true}]}}